{"id":696,"date":"2021-12-09T18:14:51","date_gmt":"2021-12-09T17:14:51","guid":{"rendered":"http:\/\/mercedesmaldonado.com\/?page_id=696"},"modified":"2021-12-09T18:15:30","modified_gmt":"2021-12-09T17:15:30","slug":"politica-de-cookies","status":"publish","type":"page","link":"https:\/\/mercedesmaldonado.com\/index.php\/politica-de-cookies\/","title":{"rendered":"Pol\u00edtica de cookies"},"content":{"rendered":"\t\t<div data-elementor-type=\"wp-page\" data-elementor-id=\"696\" class=\"elementor elementor-696\" data-elementor-settings=\"[]\">\n\t\t\t\t\t\t\t<div class=\"elementor-section-wrap\">\n\t\t\t\t\t\t\t<section class=\"elementor-section elementor-top-section elementor-element elementor-element-59989a9 elementor-section-boxed elementor-section-height-default elementor-section-height-default\" data-id=\"59989a9\" data-element_type=\"section\">\n\t\t\t\t\t\t<div class=\"elementor-container elementor-column-gap-default\">\n\t\t\t\t\t<div class=\"elementor-column elementor-col-100 elementor-top-column elementor-element elementor-element-db6f2d7\" data-id=\"db6f2d7\" data-element_type=\"column\">\n\t\t\t<div class=\"elementor-widget-wrap elementor-element-populated\">\n\t\t\t\t\t\t\t\t<div class=\"elementor-element elementor-element-c052ad8 elementor-widget elementor-widget-text-editor\" data-id=\"c052ad8\" data-element_type=\"widget\" data-widget_type=\"text-editor.default\">\n\t\t\t\t<div class=\"elementor-widget-container\">\n\t\t\t<style>\/*! elementor - v3.5.0 - 12-12-2021 *\/\n.elementor-widget-text-editor.elementor-drop-cap-view-stacked .elementor-drop-cap{background-color:#818a91;color:#fff}.elementor-widget-text-editor.elementor-drop-cap-view-framed .elementor-drop-cap{color:#818a91;border:3px solid;background-color:transparent}.elementor-widget-text-editor:not(.elementor-drop-cap-view-default) .elementor-drop-cap{margin-top:8px}.elementor-widget-text-editor:not(.elementor-drop-cap-view-default) .elementor-drop-cap-letter{width:1em;height:1em}.elementor-widget-text-editor .elementor-drop-cap{float:left;text-align:center;line-height:1;font-size:50px}.elementor-widget-text-editor .elementor-drop-cap-letter{display:inline-block}<\/style>\t\t\t\t<h5>Esta web no utiliza cookies para recoger informaci\u00f3n de los usuarios, ni se registran las direcciones IP de acceso.&nbsp;<\/h5><h5>\u00danicamente se utilizan cookies propias, de sesi\u00f3n, con finalidad t\u00e9cnica, que son aquellas que permiten al usuario la navegaci\u00f3n a trav\u00e9s del sitio web y la utilizaci\u00f3n de las opciones y servicios que ofrece.<\/h5><h5>Debe tenerse en cuenta que nuestra web puede incluir enlaces a sitios web de terceros, cuyas pol\u00edticas de privacidad son ajenas a nosotros. Al acceder a esos sitios web usted puede decidir sobre las pol\u00edticas de privacidad y de cookies que tengan, acept\u00e1ndolas o rechaz\u00e1ndolas desde las opciones de configuraci\u00f3n de su navegador.<\/h5>\t\t\t\t\t\t<\/div>\n\t\t\t\t<\/div>\n\t\t\t\t\t<\/div>\n\t\t<\/div>\n\t\t\t\t\t\t\t<\/div>\n\t\t<\/section>\n\t\t\t\t\t\t<\/div>\n\t\t\t\t\t<\/div>\n\t\t","protected":false},"excerpt":{"rendered":"<p>Esta web no utiliza cookies para recoger informaci\u00f3n de los usuarios, ni se registran las direcciones IP de acceso.&nbsp; \u00danicamente se utilizan cookies propias, de sesi\u00f3n, con finalidad t\u00e9cnica, que son aquellas que permiten al usuario la navegaci\u00f3n a trav\u00e9s del sitio web y la utilizaci\u00f3n de las opciones y servicios que ofrece. Debe tenerse &hellip; <\/p>\n<p class=\"link-more\"><a href=\"https:\/\/mercedesmaldonado.com\/index.php\/politica-de-cookies\/\" class=\"more-link\">Leer m\u00e1s<span class=\"screen-reader-text\"> \u00abPol\u00edtica de cookies\u00bb<\/span><\/a><\/p>\n","protected":false},"author":1,"featured_media":688,"parent":0,"menu_order":0,"comment_status":"closed","ping_status":"closed","template":"","meta":[],"yoast_head":"<!-- This site is optimized with the Yoast SEO plugin v17.7.1 - https:\/\/yoast.com\/wordpress\/plugins\/seo\/ -->\n<title>Pol\u00edtica de cookies - Derecho de Familia y Sucesiones y Derecho Matrimonial Can\u00f3nico<\/title>\n<meta name=\"robots\" content=\"index, follow, max-snippet:-1, max-image-preview:large, max-video-preview:-1\" \/>\n<link rel=\"canonical\" href=\"https:\/\/mercedesmaldonado.com\/index.php\/politica-de-cookies\/\" \/>\n<meta property=\"og:locale\" content=\"es_ES\" \/>\n<meta property=\"og:type\" content=\"article\" \/>\n<meta property=\"og:title\" content=\"Pol\u00edtica de cookies - Derecho de Familia y Sucesiones y Derecho Matrimonial Can\u00f3nico\" \/>\n<meta property=\"og:description\" content=\"Esta web no utiliza cookies para recoger informaci\u00f3n de los usuarios, ni se registran las direcciones IP de acceso.&nbsp; \u00danicamente se utilizan cookies propias, de sesi\u00f3n, con finalidad t\u00e9cnica, que son aquellas que permiten al usuario la navegaci\u00f3n a trav\u00e9s del sitio web y la utilizaci\u00f3n de las opciones y servicios que ofrece. Debe tenerse &hellip; Leer m\u00e1s \u00abPol\u00edtica de cookies\u00bb\" \/>\n<meta property=\"og:url\" content=\"https:\/\/mercedesmaldonado.com\/index.php\/politica-de-cookies\/\" \/>\n<meta property=\"og:site_name\" content=\"Derecho de Familia y Sucesiones y Derecho Matrimonial Can\u00f3nico\" \/>\n<meta property=\"article:modified_time\" content=\"2021-12-09T17:15:30+00:00\" \/>\n<meta property=\"og:image\" content=\"https:\/\/mercedesmaldonado.com\/wp-content\/uploads\/2021\/12\/gris.gif\" \/>\n\t<meta property=\"og:image:width\" content=\"1500\" \/>\n\t<meta property=\"og:image:height\" content=\"600\" \/>\n<meta name=\"twitter:card\" content=\"summary_large_image\" \/>\n<meta name=\"twitter:label1\" content=\"Tiempo de lectura\" \/>\n\t<meta name=\"twitter:data1\" content=\"1 minuto\" \/>\n<script type=\"application\/ld+json\" class=\"yoast-schema-graph\">{\"@context\":\"https:\/\/schema.org\",\"@graph\":[{\"@type\":[\"Person\",\"Organization\"],\"@id\":\"https:\/\/mercedesmaldonado.com\/#\/schema\/person\/ef2096ce4790058a0c7b80701300a887\",\"name\":\"Mercedes Maldonado\",\"image\":{\"@type\":\"ImageObject\",\"@id\":\"https:\/\/mercedesmaldonado.com\/#personlogo\",\"inLanguage\":\"es\",\"url\":\"http:\/\/mercedesmaldonado.com\/wp-content\/uploads\/2021\/12\/cropped-MM.png\",\"contentUrl\":\"http:\/\/mercedesmaldonado.com\/wp-content\/uploads\/2021\/12\/cropped-MM.png\",\"width\":512,\"height\":512,\"caption\":\"Mercedes Maldonado\"},\"logo\":{\"@id\":\"https:\/\/mercedesmaldonado.com\/#personlogo\"},\"sameAs\":[\"http:\/\/mercedesmaldonado.com\"]},{\"@type\":\"WebSite\",\"@id\":\"https:\/\/mercedesmaldonado.com\/#website\",\"url\":\"https:\/\/mercedesmaldonado.com\/\",\"name\":\"Derecho de Familia y Sucesiones y Derecho Matrimonial Can\\u00f3nico\",\"description\":\"Mercedes Maldonado, Derecho de Familia\",\"publisher\":{\"@id\":\"https:\/\/mercedesmaldonado.com\/#\/schema\/person\/ef2096ce4790058a0c7b80701300a887\"},\"potentialAction\":[{\"@type\":\"SearchAction\",\"target\":{\"@type\":\"EntryPoint\",\"urlTemplate\":\"https:\/\/mercedesmaldonado.com\/?s={search_term_string}\"},\"query-input\":\"required name=search_term_string\"}],\"inLanguage\":\"es\"},{\"@type\":\"ImageObject\",\"@id\":\"https:\/\/mercedesmaldonado.com\/index.php\/politica-de-cookies\/#primaryimage\",\"inLanguage\":\"es\",\"url\":\"https:\/\/mercedesmaldonado.com\/wp-content\/uploads\/2021\/12\/gris.gif\",\"contentUrl\":\"https:\/\/mercedesmaldonado.com\/wp-content\/uploads\/2021\/12\/gris.gif\",\"width\":1500,\"height\":600},{\"@type\":\"WebPage\",\"@id\":\"https:\/\/mercedesmaldonado.com\/index.php\/politica-de-cookies\/#webpage\",\"url\":\"https:\/\/mercedesmaldonado.com\/index.php\/politica-de-cookies\/\",\"name\":\"Pol\\u00edtica de cookies - Derecho de Familia y Sucesiones y Derecho Matrimonial Can\\u00f3nico\",\"isPartOf\":{\"@id\":\"https:\/\/mercedesmaldonado.com\/#website\"},\"primaryImageOfPage\":{\"@id\":\"https:\/\/mercedesmaldonado.com\/index.php\/politica-de-cookies\/#primaryimage\"},\"datePublished\":\"2021-12-09T17:14:51+00:00\",\"dateModified\":\"2021-12-09T17:15:30+00:00\",\"breadcrumb\":{\"@id\":\"https:\/\/mercedesmaldonado.com\/index.php\/politica-de-cookies\/#breadcrumb\"},\"inLanguage\":\"es\",\"potentialAction\":[{\"@type\":\"ReadAction\",\"target\":[\"https:\/\/mercedesmaldonado.com\/index.php\/politica-de-cookies\/\"]}]},{\"@type\":\"BreadcrumbList\",\"@id\":\"https:\/\/mercedesmaldonado.com\/index.php\/politica-de-cookies\/#breadcrumb\",\"itemListElement\":[{\"@type\":\"ListItem\",\"position\":1,\"name\":\"Portada\",\"item\":\"https:\/\/mercedesmaldonado.com\/\"},{\"@type\":\"ListItem\",\"position\":2,\"name\":\"Pol\\u00edtica de cookies\"}]}]}<\/script>\n<!-- \/ Yoast SEO plugin. -->","yoast_head_json":{"title":"Pol\u00edtica de cookies - Derecho de Familia y Sucesiones y Derecho Matrimonial Can\u00f3nico","robots":{"index":"index","follow":"follow","max-snippet":"max-snippet:-1","max-image-preview":"max-image-preview:large","max-video-preview":"max-video-preview:-1"},"canonical":"https:\/\/mercedesmaldonado.com\/index.php\/politica-de-cookies\/","og_locale":"es_ES","og_type":"article","og_title":"Pol\u00edtica de cookies - Derecho de Familia y Sucesiones y Derecho Matrimonial Can\u00f3nico","og_description":"Esta web no utiliza cookies para recoger informaci\u00f3n de los usuarios, ni se registran las direcciones IP de acceso.&nbsp; \u00danicamente se utilizan cookies propias, de sesi\u00f3n, con finalidad t\u00e9cnica, que son aquellas que permiten al usuario la navegaci\u00f3n a trav\u00e9s del sitio web y la utilizaci\u00f3n de las opciones y servicios que ofrece. Debe tenerse &hellip; Leer m\u00e1s \u00abPol\u00edtica de cookies\u00bb","og_url":"https:\/\/mercedesmaldonado.com\/index.php\/politica-de-cookies\/","og_site_name":"Derecho de Familia y Sucesiones y Derecho Matrimonial Can\u00f3nico","article_modified_time":"2021-12-09T17:15:30+00:00","og_image":[{"width":1500,"height":600,"url":"https:\/\/mercedesmaldonado.com\/wp-content\/uploads\/2021\/12\/gris.gif","type":"image\/gif"}],"twitter_card":"summary_large_image","twitter_misc":{"Tiempo de lectura":"1 minuto"},"schema":{"@context":"https:\/\/schema.org","@graph":[{"@type":["Person","Organization"],"@id":"https:\/\/mercedesmaldonado.com\/#\/schema\/person\/ef2096ce4790058a0c7b80701300a887","name":"Mercedes Maldonado","image":{"@type":"ImageObject","@id":"https:\/\/mercedesmaldonado.com\/#personlogo","inLanguage":"es","url":"http:\/\/mercedesmaldonado.com\/wp-content\/uploads\/2021\/12\/cropped-MM.png","contentUrl":"http:\/\/mercedesmaldonado.com\/wp-content\/uploads\/2021\/12\/cropped-MM.png","width":512,"height":512,"caption":"Mercedes Maldonado"},"logo":{"@id":"https:\/\/mercedesmaldonado.com\/#personlogo"},"sameAs":["http:\/\/mercedesmaldonado.com"]},{"@type":"WebSite","@id":"https:\/\/mercedesmaldonado.com\/#website","url":"https:\/\/mercedesmaldonado.com\/","name":"Derecho de Familia y Sucesiones y Derecho Matrimonial Can\u00f3nico","description":"Mercedes Maldonado, Derecho de Familia","publisher":{"@id":"https:\/\/mercedesmaldonado.com\/#\/schema\/person\/ef2096ce4790058a0c7b80701300a887"},"potentialAction":[{"@type":"SearchAction","target":{"@type":"EntryPoint","urlTemplate":"https:\/\/mercedesmaldonado.com\/?s={search_term_string}"},"query-input":"required name=search_term_string"}],"inLanguage":"es"},{"@type":"ImageObject","@id":"https:\/\/mercedesmaldonado.com\/index.php\/politica-de-cookies\/#primaryimage","inLanguage":"es","url":"https:\/\/mercedesmaldonado.com\/wp-content\/uploads\/2021\/12\/gris.gif","contentUrl":"https:\/\/mercedesmaldonado.com\/wp-content\/uploads\/2021\/12\/gris.gif","width":1500,"height":600},{"@type":"WebPage","@id":"https:\/\/mercedesmaldonado.com\/index.php\/politica-de-cookies\/#webpage","url":"https:\/\/mercedesmaldonado.com\/index.php\/politica-de-cookies\/","name":"Pol\u00edtica de cookies - Derecho de Familia y Sucesiones y Derecho Matrimonial Can\u00f3nico","isPartOf":{"@id":"https:\/\/mercedesmaldonado.com\/#website"},"primaryImageOfPage":{"@id":"https:\/\/mercedesmaldonado.com\/index.php\/politica-de-cookies\/#primaryimage"},"datePublished":"2021-12-09T17:14:51+00:00","dateModified":"2021-12-09T17:15:30+00:00","breadcrumb":{"@id":"https:\/\/mercedesmaldonado.com\/index.php\/politica-de-cookies\/#breadcrumb"},"inLanguage":"es","potentialAction":[{"@type":"ReadAction","target":["https:\/\/mercedesmaldonado.com\/index.php\/politica-de-cookies\/"]}]},{"@type":"BreadcrumbList","@id":"https:\/\/mercedesmaldonado.com\/index.php\/politica-de-cookies\/#breadcrumb","itemListElement":[{"@type":"ListItem","position":1,"name":"Portada","item":"https:\/\/mercedesmaldonado.com\/"},{"@type":"ListItem","position":2,"name":"Pol\u00edtica de cookies"}]}]}},"_links":{"self":[{"href":"https:\/\/mercedesmaldonado.com\/index.php\/wp-json\/wp\/v2\/pages\/696"}],"collection":[{"href":"https:\/\/mercedesmaldonado.com\/index.php\/wp-json\/wp\/v2\/pages"}],"about":[{"href":"https:\/\/mercedesmaldonado.com\/index.php\/wp-json\/wp\/v2\/types\/page"}],"author":[{"embeddable":true,"href":"https:\/\/mercedesmaldonado.com\/index.php\/wp-json\/wp\/v2\/users\/1"}],"replies":[{"embeddable":true,"href":"https:\/\/mercedesmaldonado.com\/index.php\/wp-json\/wp\/v2\/comments?post=696"}],"version-history":[{"count":5,"href":"https:\/\/mercedesmaldonado.com\/index.php\/wp-json\/wp\/v2\/pages\/696\/revisions"}],"predecessor-version":[{"id":701,"href":"https:\/\/mercedesmaldonado.com\/index.php\/wp-json\/wp\/v2\/pages\/696\/revisions\/701"}],"wp:featuredmedia":[{"embeddable":true,"href":"https:\/\/mercedesmaldonado.com\/index.php\/wp-json\/wp\/v2\/media\/688"}],"wp:attachment":[{"href":"https:\/\/mercedesmaldonado.com\/index.php\/wp-json\/wp\/v2\/media?parent=696"}],"curies":[{"name":"wp","href":"https:\/\/api.w.org\/{rel}","templated":true}]}}