{"id":408,"date":"2021-12-05T20:38:04","date_gmt":"2021-12-05T19:38:04","guid":{"rendered":"http:\/\/mercedesmaldonado.com\/?page_id=408"},"modified":"2021-12-16T16:26:34","modified_gmt":"2021-12-16T15:26:34","slug":"perfil","status":"publish","type":"page","link":"https:\/\/mercedesmaldonado.com\/index.php\/perfil\/","title":{"rendered":"Perfil"},"content":{"rendered":"\t\t<div data-elementor-type=\"wp-page\" data-elementor-id=\"408\" class=\"elementor elementor-408\" data-elementor-settings=\"[]\">\n\t\t\t\t\t\t\t<div class=\"elementor-section-wrap\">\n\t\t\t\t\t\t\t<section class=\"elementor-section elementor-top-section elementor-element elementor-element-78bca80 elementor-section-boxed elementor-section-height-default elementor-section-height-default\" data-id=\"78bca80\" data-element_type=\"section\">\n\t\t\t\t\t\t<div class=\"elementor-container elementor-column-gap-default\">\n\t\t\t\t\t<div class=\"elementor-column elementor-col-66 elementor-top-column elementor-element elementor-element-b552851\" data-id=\"b552851\" data-element_type=\"column\">\n\t\t\t<div class=\"elementor-widget-wrap elementor-element-populated\">\n\t\t\t\t\t\t\t\t<div class=\"elementor-element elementor-element-87e7f59 elementor-invisible elementor-widget elementor-widget-text-editor\" data-id=\"87e7f59\" data-element_type=\"widget\" data-settings=\"{&quot;_animation&quot;:&quot;fadeIn&quot;}\" data-widget_type=\"text-editor.default\">\n\t\t\t\t<div class=\"elementor-widget-container\">\n\t\t\t<style>\/*! elementor - v3.5.0 - 12-12-2021 *\/\n.elementor-widget-text-editor.elementor-drop-cap-view-stacked .elementor-drop-cap{background-color:#818a91;color:#fff}.elementor-widget-text-editor.elementor-drop-cap-view-framed .elementor-drop-cap{color:#818a91;border:3px solid;background-color:transparent}.elementor-widget-text-editor:not(.elementor-drop-cap-view-default) .elementor-drop-cap{margin-top:8px}.elementor-widget-text-editor:not(.elementor-drop-cap-view-default) .elementor-drop-cap-letter{width:1em;height:1em}.elementor-widget-text-editor .elementor-drop-cap{float:left;text-align:center;line-height:1;font-size:50px}.elementor-widget-text-editor .elementor-drop-cap-letter{display:inline-block}<\/style>\t\t\t\t<h4>Formaci\u00f3n acad\u00e9mica<\/h4>\n<h6>Licenciada en derecho por la Universidad Pontificia de Comillas, Madrid. ICADE (E-1).<\/h6><h6><span style=\"letter-spacing: 0px;\">Abogada del Tribunal de la Rota.\u2028<\/span><\/h6><h6>Diplomada en Derecho de Familia y Sucesiones. (Escuela de Pr\u00e1ctica Jur\u00eddica Universidad Complutense Madrid).\u2028<\/h6><h6>M\u00e1ster Universitario del Profesorado por el Instituto de Ciencias de la Educaci\u00f3n.<\/h6>\n<h4>Asociaciones y colegios profesionales<\/h4>\n<h6>Colegiada en el Iltre. Colegio de Abogados de Madrid (ICAM).\u2028<\/h6><h6>Miembro del elenco de Abogados del Tribunal Eclesi\u00e1stico de Madrid.<\/h6>\n<h4>Publicaciones<\/h4>\n<h6>\u201cLa nulidad del matrimonio en el Derecho Can\u00f3nico\u201d. Ponencia impartida el 26 de enero de 2013 en la I Jornada de Formaci\u00f3n COFs. (Universidad San D\u00e1maso, Madrid). Publicada en junio de 2013 por el Centro de Estudios de la Familia de la Universidad Francisco de Vitoria.<\/h6>\n<h4>Idiomas<\/h4>\n<h6>Espa\u00f1ol, Ingl\u00e9s.<\/h6>\t\t\t\t\t\t<\/div>\n\t\t\t\t<\/div>\n\t\t\t\t\t<\/div>\n\t\t<\/div>\n\t\t\t\t<div class=\"elementor-column elementor-col-33 elementor-top-column elementor-element elementor-element-b5658a7\" data-id=\"b5658a7\" data-element_type=\"column\">\n\t\t\t<div class=\"elementor-widget-wrap elementor-element-populated\">\n\t\t\t\t\t\t\t\t<div class=\"elementor-element elementor-element-81afe34 elementor-invisible elementor-widget elementor-widget-image\" data-id=\"81afe34\" data-element_type=\"widget\" data-settings=\"{&quot;_animation&quot;:&quot;fadeIn&quot;}\" data-widget_type=\"image.default\">\n\t\t\t\t<div class=\"elementor-widget-container\">\n\t\t\t<style>\/*! elementor - v3.5.0 - 12-12-2021 *\/\n.elementor-widget-image{text-align:center}.elementor-widget-image a{display:inline-block}.elementor-widget-image a img[src$=\".svg\"]{width:48px}.elementor-widget-image img{vertical-align:middle;display:inline-block}<\/style>\t\t\t\t\t\t\t\t\t\t\t\t<img width=\"600\" height=\"708\" src=\"https:\/\/mercedesmaldonado.com\/wp-content\/uploads\/2021\/12\/Mercedes-Maldonado-600.jpg\" class=\"attachment-full size-full\" alt=\"\" loading=\"lazy\" srcset=\"https:\/\/mercedesmaldonado.com\/wp-content\/uploads\/2021\/12\/Mercedes-Maldonado-600.jpg 600w, https:\/\/mercedesmaldonado.com\/wp-content\/uploads\/2021\/12\/Mercedes-Maldonado-600-254x300.jpg 254w\" sizes=\"100vw\" \/>\t\t\t\t\t\t\t\t\t\t\t\t\t\t\t<\/div>\n\t\t\t\t<\/div>\n\t\t\t\t\t<\/div>\n\t\t<\/div>\n\t\t\t\t\t\t\t<\/div>\n\t\t<\/section>\n\t\t\t\t<section class=\"elementor-section elementor-top-section elementor-element elementor-element-4aac4c2 elementor-section-boxed elementor-section-height-default elementor-section-height-default\" data-id=\"4aac4c2\" data-element_type=\"section\">\n\t\t\t\t\t\t<div class=\"elementor-container elementor-column-gap-default\">\n\t\t\t\t\t<div class=\"elementor-column elementor-col-100 elementor-top-column elementor-element elementor-element-9f0c2f4\" data-id=\"9f0c2f4\" data-element_type=\"column\">\n\t\t\t<div class=\"elementor-widget-wrap elementor-element-populated\">\n\t\t\t\t\t\t\t\t<div class=\"elementor-element elementor-element-3d388ce elementor-widget elementor-widget-spacer\" data-id=\"3d388ce\" data-element_type=\"widget\" data-widget_type=\"spacer.default\">\n\t\t\t\t<div class=\"elementor-widget-container\">\n\t\t\t\t\t<div class=\"elementor-spacer\">\n\t\t\t<div class=\"elementor-spacer-inner\"><\/div>\n\t\t<\/div>\n\t\t\t\t<\/div>\n\t\t\t\t<\/div>\n\t\t\t\t\t<\/div>\n\t\t<\/div>\n\t\t\t\t\t\t\t<\/div>\n\t\t<\/section>\n\t\t\t\t\t\t<\/div>\n\t\t\t\t\t<\/div>\n\t\t","protected":false},"excerpt":{"rendered":"<p>Formaci\u00f3n acad\u00e9mica Licenciada en derecho por la Universidad Pontificia de Comillas, Madrid. ICADE (E-1). Abogada del Tribunal de la Rota.\u2028 Diplomada en Derecho de Familia y Sucesiones. (Escuela de Pr\u00e1ctica Jur\u00eddica Universidad Complutense Madrid).\u2028 M\u00e1ster Universitario del Profesorado por el Instituto de Ciencias de la Educaci\u00f3n. Asociaciones y colegios profesionales Colegiada en el Iltre. Colegio &hellip; <\/p>\n<p class=\"link-more\"><a href=\"https:\/\/mercedesmaldonado.com\/index.php\/perfil\/\" class=\"more-link\">Leer m\u00e1s<span class=\"screen-reader-text\"> \u00abPerfil\u00bb<\/span><\/a><\/p>\n","protected":false},"author":1,"featured_media":740,"parent":0,"menu_order":0,"comment_status":"closed","ping_status":"closed","template":"","meta":[],"yoast_head":"<!-- This site is optimized with the Yoast SEO plugin v17.7.1 - https:\/\/yoast.com\/wordpress\/plugins\/seo\/ -->\n<title>Perfil - Derecho de Familia y Sucesiones y Derecho Matrimonial Can\u00f3nico<\/title>\n<meta name=\"robots\" content=\"index, follow, max-snippet:-1, max-image-preview:large, max-video-preview:-1\" \/>\n<link rel=\"canonical\" href=\"https:\/\/mercedesmaldonado.com\/index.php\/perfil\/\" \/>\n<meta property=\"og:locale\" content=\"es_ES\" \/>\n<meta property=\"og:type\" content=\"article\" \/>\n<meta property=\"og:title\" content=\"Perfil - Derecho de Familia y Sucesiones y Derecho Matrimonial Can\u00f3nico\" \/>\n<meta property=\"og:description\" content=\"Formaci\u00f3n acad\u00e9mica Licenciada en derecho por la Universidad Pontificia de Comillas, Madrid. ICADE (E-1). Abogada del Tribunal de la Rota.\u2028 Diplomada en Derecho de Familia y Sucesiones. (Escuela de Pr\u00e1ctica Jur\u00eddica Universidad Complutense Madrid).\u2028 M\u00e1ster Universitario del Profesorado por el Instituto de Ciencias de la Educaci\u00f3n. Asociaciones y colegios profesionales Colegiada en el Iltre. Colegio &hellip; Leer m\u00e1s \u00abPerfil\u00bb\" \/>\n<meta property=\"og:url\" content=\"https:\/\/mercedesmaldonado.com\/index.php\/perfil\/\" \/>\n<meta property=\"og:site_name\" content=\"Derecho de Familia y Sucesiones y Derecho Matrimonial Can\u00f3nico\" \/>\n<meta property=\"article:modified_time\" content=\"2021-12-16T15:26:34+00:00\" \/>\n<meta property=\"og:image\" content=\"https:\/\/mercedesmaldonado.com\/wp-content\/uploads\/2021\/12\/hojas.jpg\" \/>\n\t<meta property=\"og:image:width\" content=\"1500\" \/>\n\t<meta property=\"og:image:height\" content=\"1000\" \/>\n<meta name=\"twitter:card\" content=\"summary_large_image\" \/>\n<meta name=\"twitter:label1\" content=\"Tiempo de lectura\" \/>\n\t<meta name=\"twitter:data1\" content=\"1 minuto\" \/>\n<script type=\"application\/ld+json\" class=\"yoast-schema-graph\">{\"@context\":\"https:\/\/schema.org\",\"@graph\":[{\"@type\":[\"Person\",\"Organization\"],\"@id\":\"https:\/\/mercedesmaldonado.com\/#\/schema\/person\/ef2096ce4790058a0c7b80701300a887\",\"name\":\"Mercedes Maldonado\",\"image\":{\"@type\":\"ImageObject\",\"@id\":\"https:\/\/mercedesmaldonado.com\/#personlogo\",\"inLanguage\":\"es\",\"url\":\"http:\/\/mercedesmaldonado.com\/wp-content\/uploads\/2021\/12\/cropped-MM.png\",\"contentUrl\":\"http:\/\/mercedesmaldonado.com\/wp-content\/uploads\/2021\/12\/cropped-MM.png\",\"width\":512,\"height\":512,\"caption\":\"Mercedes Maldonado\"},\"logo\":{\"@id\":\"https:\/\/mercedesmaldonado.com\/#personlogo\"},\"sameAs\":[\"http:\/\/mercedesmaldonado.com\"]},{\"@type\":\"WebSite\",\"@id\":\"https:\/\/mercedesmaldonado.com\/#website\",\"url\":\"https:\/\/mercedesmaldonado.com\/\",\"name\":\"Derecho de Familia y Sucesiones y Derecho Matrimonial Can\\u00f3nico\",\"description\":\"Mercedes Maldonado, Derecho de Familia\",\"publisher\":{\"@id\":\"https:\/\/mercedesmaldonado.com\/#\/schema\/person\/ef2096ce4790058a0c7b80701300a887\"},\"potentialAction\":[{\"@type\":\"SearchAction\",\"target\":{\"@type\":\"EntryPoint\",\"urlTemplate\":\"https:\/\/mercedesmaldonado.com\/?s={search_term_string}\"},\"query-input\":\"required name=search_term_string\"}],\"inLanguage\":\"es\"},{\"@type\":\"ImageObject\",\"@id\":\"https:\/\/mercedesmaldonado.com\/index.php\/perfil\/#primaryimage\",\"inLanguage\":\"es\",\"url\":\"https:\/\/mercedesmaldonado.com\/wp-content\/uploads\/2021\/12\/hojas.jpg\",\"contentUrl\":\"https:\/\/mercedesmaldonado.com\/wp-content\/uploads\/2021\/12\/hojas.jpg\",\"width\":1500,\"height\":1000},{\"@type\":\"WebPage\",\"@id\":\"https:\/\/mercedesmaldonado.com\/index.php\/perfil\/#webpage\",\"url\":\"https:\/\/mercedesmaldonado.com\/index.php\/perfil\/\",\"name\":\"Perfil - Derecho de Familia y Sucesiones y Derecho Matrimonial Can\\u00f3nico\",\"isPartOf\":{\"@id\":\"https:\/\/mercedesmaldonado.com\/#website\"},\"primaryImageOfPage\":{\"@id\":\"https:\/\/mercedesmaldonado.com\/index.php\/perfil\/#primaryimage\"},\"datePublished\":\"2021-12-05T19:38:04+00:00\",\"dateModified\":\"2021-12-16T15:26:34+00:00\",\"breadcrumb\":{\"@id\":\"https:\/\/mercedesmaldonado.com\/index.php\/perfil\/#breadcrumb\"},\"inLanguage\":\"es\",\"potentialAction\":[{\"@type\":\"ReadAction\",\"target\":[\"https:\/\/mercedesmaldonado.com\/index.php\/perfil\/\"]}]},{\"@type\":\"BreadcrumbList\",\"@id\":\"https:\/\/mercedesmaldonado.com\/index.php\/perfil\/#breadcrumb\",\"itemListElement\":[{\"@type\":\"ListItem\",\"position\":1,\"name\":\"Portada\",\"item\":\"https:\/\/mercedesmaldonado.com\/\"},{\"@type\":\"ListItem\",\"position\":2,\"name\":\"Perfil\"}]}]}<\/script>\n<!-- \/ Yoast SEO plugin. -->","yoast_head_json":{"title":"Perfil - Derecho de Familia y Sucesiones y Derecho Matrimonial Can\u00f3nico","robots":{"index":"index","follow":"follow","max-snippet":"max-snippet:-1","max-image-preview":"max-image-preview:large","max-video-preview":"max-video-preview:-1"},"canonical":"https:\/\/mercedesmaldonado.com\/index.php\/perfil\/","og_locale":"es_ES","og_type":"article","og_title":"Perfil - Derecho de Familia y Sucesiones y Derecho Matrimonial Can\u00f3nico","og_description":"Formaci\u00f3n acad\u00e9mica Licenciada en derecho por la Universidad Pontificia de Comillas, Madrid. ICADE (E-1). Abogada del Tribunal de la Rota.\u2028 Diplomada en Derecho de Familia y Sucesiones. (Escuela de Pr\u00e1ctica Jur\u00eddica Universidad Complutense Madrid).\u2028 M\u00e1ster Universitario del Profesorado por el Instituto de Ciencias de la Educaci\u00f3n. Asociaciones y colegios profesionales Colegiada en el Iltre. Colegio &hellip; Leer m\u00e1s \u00abPerfil\u00bb","og_url":"https:\/\/mercedesmaldonado.com\/index.php\/perfil\/","og_site_name":"Derecho de Familia y Sucesiones y Derecho Matrimonial Can\u00f3nico","article_modified_time":"2021-12-16T15:26:34+00:00","og_image":[{"width":1500,"height":1000,"url":"https:\/\/mercedesmaldonado.com\/wp-content\/uploads\/2021\/12\/hojas.jpg","type":"image\/jpeg"}],"twitter_card":"summary_large_image","twitter_misc":{"Tiempo de lectura":"1 minuto"},"schema":{"@context":"https:\/\/schema.org","@graph":[{"@type":["Person","Organization"],"@id":"https:\/\/mercedesmaldonado.com\/#\/schema\/person\/ef2096ce4790058a0c7b80701300a887","name":"Mercedes Maldonado","image":{"@type":"ImageObject","@id":"https:\/\/mercedesmaldonado.com\/#personlogo","inLanguage":"es","url":"http:\/\/mercedesmaldonado.com\/wp-content\/uploads\/2021\/12\/cropped-MM.png","contentUrl":"http:\/\/mercedesmaldonado.com\/wp-content\/uploads\/2021\/12\/cropped-MM.png","width":512,"height":512,"caption":"Mercedes Maldonado"},"logo":{"@id":"https:\/\/mercedesmaldonado.com\/#personlogo"},"sameAs":["http:\/\/mercedesmaldonado.com"]},{"@type":"WebSite","@id":"https:\/\/mercedesmaldonado.com\/#website","url":"https:\/\/mercedesmaldonado.com\/","name":"Derecho de Familia y Sucesiones y Derecho Matrimonial Can\u00f3nico","description":"Mercedes Maldonado, Derecho de Familia","publisher":{"@id":"https:\/\/mercedesmaldonado.com\/#\/schema\/person\/ef2096ce4790058a0c7b80701300a887"},"potentialAction":[{"@type":"SearchAction","target":{"@type":"EntryPoint","urlTemplate":"https:\/\/mercedesmaldonado.com\/?s={search_term_string}"},"query-input":"required name=search_term_string"}],"inLanguage":"es"},{"@type":"ImageObject","@id":"https:\/\/mercedesmaldonado.com\/index.php\/perfil\/#primaryimage","inLanguage":"es","url":"https:\/\/mercedesmaldonado.com\/wp-content\/uploads\/2021\/12\/hojas.jpg","contentUrl":"https:\/\/mercedesmaldonado.com\/wp-content\/uploads\/2021\/12\/hojas.jpg","width":1500,"height":1000},{"@type":"WebPage","@id":"https:\/\/mercedesmaldonado.com\/index.php\/perfil\/#webpage","url":"https:\/\/mercedesmaldonado.com\/index.php\/perfil\/","name":"Perfil - Derecho de Familia y Sucesiones y Derecho Matrimonial Can\u00f3nico","isPartOf":{"@id":"https:\/\/mercedesmaldonado.com\/#website"},"primaryImageOfPage":{"@id":"https:\/\/mercedesmaldonado.com\/index.php\/perfil\/#primaryimage"},"datePublished":"2021-12-05T19:38:04+00:00","dateModified":"2021-12-16T15:26:34+00:00","breadcrumb":{"@id":"https:\/\/mercedesmaldonado.com\/index.php\/perfil\/#breadcrumb"},"inLanguage":"es","potentialAction":[{"@type":"ReadAction","target":["https:\/\/mercedesmaldonado.com\/index.php\/perfil\/"]}]},{"@type":"BreadcrumbList","@id":"https:\/\/mercedesmaldonado.com\/index.php\/perfil\/#breadcrumb","itemListElement":[{"@type":"ListItem","position":1,"name":"Portada","item":"https:\/\/mercedesmaldonado.com\/"},{"@type":"ListItem","position":2,"name":"Perfil"}]}]}},"_links":{"self":[{"href":"https:\/\/mercedesmaldonado.com\/index.php\/wp-json\/wp\/v2\/pages\/408"}],"collection":[{"href":"https:\/\/mercedesmaldonado.com\/index.php\/wp-json\/wp\/v2\/pages"}],"about":[{"href":"https:\/\/mercedesmaldonado.com\/index.php\/wp-json\/wp\/v2\/types\/page"}],"author":[{"embeddable":true,"href":"https:\/\/mercedesmaldonado.com\/index.php\/wp-json\/wp\/v2\/users\/1"}],"replies":[{"embeddable":true,"href":"https:\/\/mercedesmaldonado.com\/index.php\/wp-json\/wp\/v2\/comments?post=408"}],"version-history":[{"count":91,"href":"https:\/\/mercedesmaldonado.com\/index.php\/wp-json\/wp\/v2\/pages\/408\/revisions"}],"predecessor-version":[{"id":822,"href":"https:\/\/mercedesmaldonado.com\/index.php\/wp-json\/wp\/v2\/pages\/408\/revisions\/822"}],"wp:featuredmedia":[{"embeddable":true,"href":"https:\/\/mercedesmaldonado.com\/index.php\/wp-json\/wp\/v2\/media\/740"}],"wp:attachment":[{"href":"https:\/\/mercedesmaldonado.com\/index.php\/wp-json\/wp\/v2\/media?parent=408"}],"curies":[{"name":"wp","href":"https:\/\/api.w.org\/{rel}","templated":true}]}}