{"id":18,"date":"2021-11-23T13:17:11","date_gmt":"2021-11-23T12:17:11","guid":{"rendered":"http:\/\/mercedesmaldonado.com\/?page_id=18"},"modified":"2021-12-21T12:31:09","modified_gmt":"2021-12-21T11:31:09","slug":"contact","status":"publish","type":"page","link":"https:\/\/mercedesmaldonado.com\/index.php\/contact\/","title":{"rendered":"Filosof\u00eda"},"content":{"rendered":"\t\t<div data-elementor-type=\"wp-page\" data-elementor-id=\"18\" class=\"elementor elementor-18\" data-elementor-settings=\"[]\">\n\t\t\t\t\t\t\t<div class=\"elementor-section-wrap\">\n\t\t\t\t\t\t\t<section class=\"elementor-section elementor-top-section elementor-element elementor-element-8e561ba elementor-section-boxed elementor-section-height-default elementor-section-height-default\" data-id=\"8e561ba\" data-element_type=\"section\">\n\t\t\t\t\t\t<div class=\"elementor-container elementor-column-gap-default\">\n\t\t\t\t\t<div class=\"elementor-column elementor-col-100 elementor-top-column elementor-element elementor-element-658a20c\" data-id=\"658a20c\" data-element_type=\"column\">\n\t\t\t<div class=\"elementor-widget-wrap elementor-element-populated\">\n\t\t\t\t\t\t\t\t<div class=\"elementor-element elementor-element-8ab80e4 elementor-widget elementor-widget-text-editor\" data-id=\"8ab80e4\" data-element_type=\"widget\" data-widget_type=\"text-editor.default\">\n\t\t\t\t<div class=\"elementor-widget-container\">\n\t\t\t<style>\/*! elementor - v3.5.0 - 12-12-2021 *\/\n.elementor-widget-text-editor.elementor-drop-cap-view-stacked .elementor-drop-cap{background-color:#818a91;color:#fff}.elementor-widget-text-editor.elementor-drop-cap-view-framed .elementor-drop-cap{color:#818a91;border:3px solid;background-color:transparent}.elementor-widget-text-editor:not(.elementor-drop-cap-view-default) .elementor-drop-cap{margin-top:8px}.elementor-widget-text-editor:not(.elementor-drop-cap-view-default) .elementor-drop-cap-letter{width:1em;height:1em}.elementor-widget-text-editor .elementor-drop-cap{float:left;text-align:center;line-height:1;font-size:50px}.elementor-widget-text-editor .elementor-drop-cap-letter{display:inline-block}<\/style>\t\t\t\t<h4>Profesionalidad y compromiso<\/h4><h6>Desde una s\u00f3lida experiencia en el campo del Derecho de Familia, ofrecemos un asesoramiento jur\u00eddico serio y honesto en este tipo de conflictos. Nuestro compromiso es el estudio riguroso de cada caso abordando cada situaci\u00f3n, siempre que sea posible, desde el di\u00e1logo y el empe\u00f1o en conseguir un acuerdo beneficioso para las partes.<\/h6><h6><span style=\"font-weight: bold; letter-spacing: 0px;\">Cercan\u00eda y honestidad<\/span><\/h6><h6>Este compromiso se extiende al acompa\u00f1amiento cercano y adaptado a las necesidades de cada persona para la resoluci\u00f3n de estos conflictos. Es necesario afrontar estas situaciones con honestidad, con sentido com\u00fan y con una actitud que salvaguarde el valor de la familia y proteja a todos sus miembros, especialmente a los hijos menores. En este sentido, es importante alcanzar soluciones que posibiliten el di\u00e1logo y la comunicaci\u00f3n a pesar de la ruptura.<\/h6><h6><span style=\"font-weight: bold; letter-spacing: 0px;\">Confianza<\/span><\/h6><h6>El estudio y el trabajo diario de cada caso en particular tiene como fin el ofrecer una soluci\u00f3n eficaz a la persona que acude al Despacho, desde la profesionalidad, la transparencia al fijar el presupuesto de honorarios, la relaci\u00f3n cercana y la informaci\u00f3n puntual durante todo el proceso. Es importante ofrecer un seguimiento tras su finalizaci\u00f3n, para continuar asesorando y acompa\u00f1ando ante cualquier duda o nueva circunstancia que se pueda producir.<\/h6>\t\t\t\t\t\t<\/div>\n\t\t\t\t<\/div>\n\t\t\t\t\t<\/div>\n\t\t<\/div>\n\t\t\t\t\t\t\t<\/div>\n\t\t<\/section>\n\t\t\t\t<section class=\"elementor-section elementor-top-section elementor-element elementor-element-56c6308 elementor-section-boxed elementor-section-height-default elementor-section-height-default\" data-id=\"56c6308\" data-element_type=\"section\">\n\t\t\t\t\t\t<div class=\"elementor-container elementor-column-gap-default\">\n\t\t\t\t\t<div class=\"elementor-column elementor-col-100 elementor-top-column elementor-element elementor-element-794fcff\" data-id=\"794fcff\" data-element_type=\"column\">\n\t\t\t<div class=\"elementor-widget-wrap\">\n\t\t\t\t\t\t\t\t\t<\/div>\n\t\t<\/div>\n\t\t\t\t\t\t\t<\/div>\n\t\t<\/section>\n\t\t\t\t\t\t<\/div>\n\t\t\t\t\t<\/div>\n\t\t","protected":false},"excerpt":{"rendered":"<p>Profesionalidad y compromiso Desde una s\u00f3lida experiencia en el campo del Derecho de Familia, ofrecemos un asesoramiento jur\u00eddico serio y honesto en este tipo de conflictos. Nuestro compromiso es el estudio riguroso de cada caso abordando cada situaci\u00f3n, siempre que sea posible, desde el di\u00e1logo y el empe\u00f1o en conseguir un acuerdo beneficioso para las &hellip; <\/p>\n<p class=\"link-more\"><a href=\"https:\/\/mercedesmaldonado.com\/index.php\/contact\/\" class=\"more-link\">Leer m\u00e1s<span class=\"screen-reader-text\"> \u00abFilosof\u00eda\u00bb<\/span><\/a><\/p>\n","protected":false},"author":1,"featured_media":640,"parent":0,"menu_order":0,"comment_status":"closed","ping_status":"closed","template":"","meta":[],"yoast_head":"<!-- This site is optimized with the Yoast SEO plugin v17.7.1 - https:\/\/yoast.com\/wordpress\/plugins\/seo\/ -->\n<title>Filosof\u00eda - Derecho de Familia y Sucesiones y Derecho Matrimonial Can\u00f3nico<\/title>\n<meta name=\"robots\" content=\"index, follow, max-snippet:-1, max-image-preview:large, max-video-preview:-1\" \/>\n<link rel=\"canonical\" href=\"https:\/\/mercedesmaldonado.com\/index.php\/contact\/\" \/>\n<meta property=\"og:locale\" content=\"es_ES\" \/>\n<meta property=\"og:type\" content=\"article\" \/>\n<meta property=\"og:title\" content=\"Filosof\u00eda - Derecho de Familia y Sucesiones y Derecho Matrimonial Can\u00f3nico\" \/>\n<meta property=\"og:description\" content=\"Profesionalidad y compromiso Desde una s\u00f3lida experiencia en el campo del Derecho de Familia, ofrecemos un asesoramiento jur\u00eddico serio y honesto en este tipo de conflictos. Nuestro compromiso es el estudio riguroso de cada caso abordando cada situaci\u00f3n, siempre que sea posible, desde el di\u00e1logo y el empe\u00f1o en conseguir un acuerdo beneficioso para las &hellip; Leer m\u00e1s \u00abFilosof\u00eda\u00bb\" \/>\n<meta property=\"og:url\" content=\"https:\/\/mercedesmaldonado.com\/index.php\/contact\/\" \/>\n<meta property=\"og:site_name\" content=\"Derecho de Familia y Sucesiones y Derecho Matrimonial Can\u00f3nico\" \/>\n<meta property=\"article:modified_time\" content=\"2021-12-21T11:31:09+00:00\" \/>\n<meta property=\"og:image\" content=\"https:\/\/mercedesmaldonado.com\/wp-content\/uploads\/2021\/12\/banco-y-lago.jpg\" \/>\n\t<meta property=\"og:image:width\" content=\"1500\" \/>\n\t<meta property=\"og:image:height\" content=\"1000\" \/>\n<meta name=\"twitter:card\" content=\"summary_large_image\" \/>\n<meta name=\"twitter:label1\" content=\"Tiempo de lectura\" \/>\n\t<meta name=\"twitter:data1\" content=\"1 minuto\" \/>\n<script type=\"application\/ld+json\" class=\"yoast-schema-graph\">{\"@context\":\"https:\/\/schema.org\",\"@graph\":[{\"@type\":[\"Person\",\"Organization\"],\"@id\":\"https:\/\/mercedesmaldonado.com\/#\/schema\/person\/ef2096ce4790058a0c7b80701300a887\",\"name\":\"Mercedes Maldonado\",\"image\":{\"@type\":\"ImageObject\",\"@id\":\"https:\/\/mercedesmaldonado.com\/#personlogo\",\"inLanguage\":\"es\",\"url\":\"http:\/\/mercedesmaldonado.com\/wp-content\/uploads\/2021\/12\/cropped-MM.png\",\"contentUrl\":\"http:\/\/mercedesmaldonado.com\/wp-content\/uploads\/2021\/12\/cropped-MM.png\",\"width\":512,\"height\":512,\"caption\":\"Mercedes Maldonado\"},\"logo\":{\"@id\":\"https:\/\/mercedesmaldonado.com\/#personlogo\"},\"sameAs\":[\"http:\/\/mercedesmaldonado.com\"]},{\"@type\":\"WebSite\",\"@id\":\"https:\/\/mercedesmaldonado.com\/#website\",\"url\":\"https:\/\/mercedesmaldonado.com\/\",\"name\":\"Derecho de Familia y Sucesiones y Derecho Matrimonial Can\\u00f3nico\",\"description\":\"Mercedes Maldonado, Derecho de Familia\",\"publisher\":{\"@id\":\"https:\/\/mercedesmaldonado.com\/#\/schema\/person\/ef2096ce4790058a0c7b80701300a887\"},\"potentialAction\":[{\"@type\":\"SearchAction\",\"target\":{\"@type\":\"EntryPoint\",\"urlTemplate\":\"https:\/\/mercedesmaldonado.com\/?s={search_term_string}\"},\"query-input\":\"required name=search_term_string\"}],\"inLanguage\":\"es\"},{\"@type\":\"ImageObject\",\"@id\":\"https:\/\/mercedesmaldonado.com\/index.php\/contact\/#primaryimage\",\"inLanguage\":\"es\",\"url\":\"https:\/\/mercedesmaldonado.com\/wp-content\/uploads\/2021\/12\/banco-y-lago.jpg\",\"contentUrl\":\"https:\/\/mercedesmaldonado.com\/wp-content\/uploads\/2021\/12\/banco-y-lago.jpg\",\"width\":1500,\"height\":1000},{\"@type\":\"WebPage\",\"@id\":\"https:\/\/mercedesmaldonado.com\/index.php\/contact\/#webpage\",\"url\":\"https:\/\/mercedesmaldonado.com\/index.php\/contact\/\",\"name\":\"Filosof\\u00eda - Derecho de Familia y Sucesiones y Derecho Matrimonial Can\\u00f3nico\",\"isPartOf\":{\"@id\":\"https:\/\/mercedesmaldonado.com\/#website\"},\"primaryImageOfPage\":{\"@id\":\"https:\/\/mercedesmaldonado.com\/index.php\/contact\/#primaryimage\"},\"datePublished\":\"2021-11-23T12:17:11+00:00\",\"dateModified\":\"2021-12-21T11:31:09+00:00\",\"breadcrumb\":{\"@id\":\"https:\/\/mercedesmaldonado.com\/index.php\/contact\/#breadcrumb\"},\"inLanguage\":\"es\",\"potentialAction\":[{\"@type\":\"ReadAction\",\"target\":[\"https:\/\/mercedesmaldonado.com\/index.php\/contact\/\"]}]},{\"@type\":\"BreadcrumbList\",\"@id\":\"https:\/\/mercedesmaldonado.com\/index.php\/contact\/#breadcrumb\",\"itemListElement\":[{\"@type\":\"ListItem\",\"position\":1,\"name\":\"Portada\",\"item\":\"https:\/\/mercedesmaldonado.com\/\"},{\"@type\":\"ListItem\",\"position\":2,\"name\":\"Filosof\\u00eda\"}]}]}<\/script>\n<!-- \/ Yoast SEO plugin. -->","yoast_head_json":{"title":"Filosof\u00eda - Derecho de Familia y Sucesiones y Derecho Matrimonial Can\u00f3nico","robots":{"index":"index","follow":"follow","max-snippet":"max-snippet:-1","max-image-preview":"max-image-preview:large","max-video-preview":"max-video-preview:-1"},"canonical":"https:\/\/mercedesmaldonado.com\/index.php\/contact\/","og_locale":"es_ES","og_type":"article","og_title":"Filosof\u00eda - Derecho de Familia y Sucesiones y Derecho Matrimonial Can\u00f3nico","og_description":"Profesionalidad y compromiso Desde una s\u00f3lida experiencia en el campo del Derecho de Familia, ofrecemos un asesoramiento jur\u00eddico serio y honesto en este tipo de conflictos. Nuestro compromiso es el estudio riguroso de cada caso abordando cada situaci\u00f3n, siempre que sea posible, desde el di\u00e1logo y el empe\u00f1o en conseguir un acuerdo beneficioso para las &hellip; Leer m\u00e1s \u00abFilosof\u00eda\u00bb","og_url":"https:\/\/mercedesmaldonado.com\/index.php\/contact\/","og_site_name":"Derecho de Familia y Sucesiones y Derecho Matrimonial Can\u00f3nico","article_modified_time":"2021-12-21T11:31:09+00:00","og_image":[{"width":1500,"height":1000,"url":"https:\/\/mercedesmaldonado.com\/wp-content\/uploads\/2021\/12\/banco-y-lago.jpg","type":"image\/jpeg"}],"twitter_card":"summary_large_image","twitter_misc":{"Tiempo de lectura":"1 minuto"},"schema":{"@context":"https:\/\/schema.org","@graph":[{"@type":["Person","Organization"],"@id":"https:\/\/mercedesmaldonado.com\/#\/schema\/person\/ef2096ce4790058a0c7b80701300a887","name":"Mercedes Maldonado","image":{"@type":"ImageObject","@id":"https:\/\/mercedesmaldonado.com\/#personlogo","inLanguage":"es","url":"http:\/\/mercedesmaldonado.com\/wp-content\/uploads\/2021\/12\/cropped-MM.png","contentUrl":"http:\/\/mercedesmaldonado.com\/wp-content\/uploads\/2021\/12\/cropped-MM.png","width":512,"height":512,"caption":"Mercedes Maldonado"},"logo":{"@id":"https:\/\/mercedesmaldonado.com\/#personlogo"},"sameAs":["http:\/\/mercedesmaldonado.com"]},{"@type":"WebSite","@id":"https:\/\/mercedesmaldonado.com\/#website","url":"https:\/\/mercedesmaldonado.com\/","name":"Derecho de Familia y Sucesiones y Derecho Matrimonial Can\u00f3nico","description":"Mercedes Maldonado, Derecho de Familia","publisher":{"@id":"https:\/\/mercedesmaldonado.com\/#\/schema\/person\/ef2096ce4790058a0c7b80701300a887"},"potentialAction":[{"@type":"SearchAction","target":{"@type":"EntryPoint","urlTemplate":"https:\/\/mercedesmaldonado.com\/?s={search_term_string}"},"query-input":"required name=search_term_string"}],"inLanguage":"es"},{"@type":"ImageObject","@id":"https:\/\/mercedesmaldonado.com\/index.php\/contact\/#primaryimage","inLanguage":"es","url":"https:\/\/mercedesmaldonado.com\/wp-content\/uploads\/2021\/12\/banco-y-lago.jpg","contentUrl":"https:\/\/mercedesmaldonado.com\/wp-content\/uploads\/2021\/12\/banco-y-lago.jpg","width":1500,"height":1000},{"@type":"WebPage","@id":"https:\/\/mercedesmaldonado.com\/index.php\/contact\/#webpage","url":"https:\/\/mercedesmaldonado.com\/index.php\/contact\/","name":"Filosof\u00eda - Derecho de Familia y Sucesiones y Derecho Matrimonial Can\u00f3nico","isPartOf":{"@id":"https:\/\/mercedesmaldonado.com\/#website"},"primaryImageOfPage":{"@id":"https:\/\/mercedesmaldonado.com\/index.php\/contact\/#primaryimage"},"datePublished":"2021-11-23T12:17:11+00:00","dateModified":"2021-12-21T11:31:09+00:00","breadcrumb":{"@id":"https:\/\/mercedesmaldonado.com\/index.php\/contact\/#breadcrumb"},"inLanguage":"es","potentialAction":[{"@type":"ReadAction","target":["https:\/\/mercedesmaldonado.com\/index.php\/contact\/"]}]},{"@type":"BreadcrumbList","@id":"https:\/\/mercedesmaldonado.com\/index.php\/contact\/#breadcrumb","itemListElement":[{"@type":"ListItem","position":1,"name":"Portada","item":"https:\/\/mercedesmaldonado.com\/"},{"@type":"ListItem","position":2,"name":"Filosof\u00eda"}]}]}},"_links":{"self":[{"href":"https:\/\/mercedesmaldonado.com\/index.php\/wp-json\/wp\/v2\/pages\/18"}],"collection":[{"href":"https:\/\/mercedesmaldonado.com\/index.php\/wp-json\/wp\/v2\/pages"}],"about":[{"href":"https:\/\/mercedesmaldonado.com\/index.php\/wp-json\/wp\/v2\/types\/page"}],"author":[{"embeddable":true,"href":"https:\/\/mercedesmaldonado.com\/index.php\/wp-json\/wp\/v2\/users\/1"}],"replies":[{"embeddable":true,"href":"https:\/\/mercedesmaldonado.com\/index.php\/wp-json\/wp\/v2\/comments?post=18"}],"version-history":[{"count":175,"href":"https:\/\/mercedesmaldonado.com\/index.php\/wp-json\/wp\/v2\/pages\/18\/revisions"}],"predecessor-version":[{"id":825,"href":"https:\/\/mercedesmaldonado.com\/index.php\/wp-json\/wp\/v2\/pages\/18\/revisions\/825"}],"wp:featuredmedia":[{"embeddable":true,"href":"https:\/\/mercedesmaldonado.com\/index.php\/wp-json\/wp\/v2\/media\/640"}],"wp:attachment":[{"href":"https:\/\/mercedesmaldonado.com\/index.php\/wp-json\/wp\/v2\/media?parent=18"}],"curies":[{"name":"wp","href":"https:\/\/api.w.org\/{rel}","templated":true}]}}